{"id":1107,"date":"2022-05-24T10:29:04","date_gmt":"2022-05-24T08:29:04","guid":{"rendered":"https:\/\/www.taxiberguaprovence.com\/?page_id=1107"},"modified":"2024-12-10T17:04:13","modified_gmt":"2024-12-10T16:04:13","slug":"taxi-pour-croisiere-marseille","status":"publish","type":"page","link":"https:\/\/www.taxiberguaprovence.com\/index.php\/taxi-pour-croisiere-marseille\/","title":{"rendered":"Taxi pour croisi\u00e8re Marseille"},"content":{"rendered":"\t\t<div data-elementor-type=\"wp-page\" data-elementor-id=\"1107\" class=\"elementor elementor-1107\" data-elementor-settings=\"[]\">\n\t\t\t<div class=\"elementor-inner\">\n\t\t\t\t<div class=\"elementor-section-wrap\">\n\t\t\t\t\t\t\t<section class=\"elementor-element elementor-element-43a6511 elementor-section-stretched elementor-section-full_width elementor-section-height-default elementor-section-height-default elementor-section elementor-top-section\" data-id=\"43a6511\" data-element_type=\"section\" data-settings=\"{&quot;background_background&quot;:&quot;classic&quot;,&quot;stretch_section&quot;:&quot;section-stretched&quot;}\">\n\t\t\t\t\t\t\t<div class=\"elementor-background-overlay\"><\/div>\n\t\t\t\t\t\t\t<div class=\"elementor-container elementor-column-gap-default\">\n\t\t\t\t<div class=\"elementor-row\">\n\t\t\t\t<div class=\"elementor-element elementor-element-e00ce1e elementor-column elementor-col-100 elementor-top-column\" data-id=\"e00ce1e\" data-element_type=\"column\">\n\t\t\t<div class=\"elementor-column-wrap  elementor-element-populated\">\n\t\t\t\t\t<div class=\"elementor-widget-wrap\">\n\t\t\t\t<div class=\"elementor-element elementor-element-0fbb730 elementor-widget elementor-widget-spacer\" data-id=\"0fbb730\" data-element_type=\"widget\" data-widget_type=\"spacer.default\">\n\t\t\t\t<div class=\"elementor-widget-container\">\n\t\t\t\t\t<div class=\"elementor-spacer\">\n\t\t\t<div class=\"elementor-spacer-inner\"><\/div>\n\t\t<\/div>\n\t\t\t\t<\/div>\n\t\t\t\t<\/div>\n\t\t\t\t<div class=\"elementor-element elementor-element-17dd7bf elementor-widget elementor-widget-heading\" data-id=\"17dd7bf\" data-element_type=\"widget\" data-widget_type=\"heading.default\">\n\t\t\t\t<div class=\"elementor-widget-container\">\n\t\t\t<h2 class=\"elementor-heading-title elementor-size-large\">Taxi d\u00e9part en croisi\u00e8re \u00e0 Marseille<\/h2>\t\t<\/div>\n\t\t\t\t<\/div>\n\t\t\t\t<div class=\"elementor-element elementor-element-853cb6b elementor-widget elementor-widget-spacer\" data-id=\"853cb6b\" data-element_type=\"widget\" data-widget_type=\"spacer.default\">\n\t\t\t\t<div class=\"elementor-widget-container\">\n\t\t\t\t\t<div class=\"elementor-spacer\">\n\t\t\t<div class=\"elementor-spacer-inner\"><\/div>\n\t\t<\/div>\n\t\t\t\t<\/div>\n\t\t\t\t<\/div>\n\t\t\t\t\t\t<\/div>\n\t\t\t<\/div>\n\t\t<\/div>\n\t\t\t\t\t\t<\/div>\n\t\t\t<\/div>\n\t\t<\/section>\n\t\t\t\t<section class=\"elementor-element elementor-element-3b18714 elementor-section-stretched elementor-section-boxed elementor-section-height-default elementor-section-height-default elementor-section elementor-top-section\" data-id=\"3b18714\" data-element_type=\"section\" data-settings=\"{&quot;stretch_section&quot;:&quot;section-stretched&quot;}\">\n\t\t\t\t\t\t<div class=\"elementor-container elementor-column-gap-default\">\n\t\t\t\t<div class=\"elementor-row\">\n\t\t\t\t<div class=\"elementor-element elementor-element-ca46bf8 elementor-column elementor-col-100 elementor-top-column\" data-id=\"ca46bf8\" data-element_type=\"column\">\n\t\t\t<div class=\"elementor-column-wrap  elementor-element-populated\">\n\t\t\t\t\t<div class=\"elementor-widget-wrap\">\n\t\t\t\t<div class=\"elementor-element elementor-element-2f54e3f elementor-widget elementor-widget-text-editor\" data-id=\"2f54e3f\" data-element_type=\"widget\" data-widget_type=\"text-editor.default\">\n\t\t\t\t<div class=\"elementor-widget-container\">\n\t\t\t\t\t<div class=\"elementor-text-editor elementor-clearfix\"><p>Taxi Bergua, votre compagnie de <strong><a href=\"https:\/\/www.taxiberguaprovence.com\/#qui\">taxi \u00e0 Salon de Provence<\/a><\/strong>, Grans et Lan\u00e7on-Provence vous conduit jusqu&rsquo;au port maritime en taxi pour votre croisi\u00e8re au d\u00e9part de Marseille.<\/p><p>Nous sommes \u00e0 votre disposition pour vous conduire \u00e0 votre embarquement lors d&rsquo;un voyage en bateau. Quelle que soit votre destination : Corse, Alg\u00e9rie, Maroc ou pour une croisi\u00e8re sur la Mer M\u00e9diterran\u00e9e.<\/p><p>Et cela, 7 jours \/ 7, de jour comme de nuit. Vous pouvez compter sur nos chauffeurs pour vous transporter depuis votre domicile jusqu&rsquo;au terminal d&#8217;embarquement au <strong>Port Maritime de Marseille<\/strong>, de <strong>Toulon<\/strong> ou encore <strong>Nice<\/strong>.<\/p><\/div>\n\t\t\t\t<\/div>\n\t\t\t\t<\/div>\n\t\t\t\t\t\t<\/div>\n\t\t\t<\/div>\n\t\t<\/div>\n\t\t\t\t\t\t<\/div>\n\t\t\t<\/div>\n\t\t<\/section>\n\t\t\t\t<section class=\"elementor-element elementor-element-b0864f5 elementor-section-stretched elementor-section-boxed elementor-section-height-default elementor-section-height-default elementor-section elementor-top-section\" data-id=\"b0864f5\" data-element_type=\"section\" data-settings=\"{&quot;stretch_section&quot;:&quot;section-stretched&quot;}\">\n\t\t\t\t\t\t<div class=\"elementor-container elementor-column-gap-default\">\n\t\t\t\t<div class=\"elementor-row\">\n\t\t\t\t<div class=\"elementor-element elementor-element-0d8d51a elementor-column elementor-col-100 elementor-top-column\" data-id=\"0d8d51a\" data-element_type=\"column\">\n\t\t\t<div class=\"elementor-column-wrap  elementor-element-populated\">\n\t\t\t\t\t<div class=\"elementor-widget-wrap\">\n\t\t\t\t<div class=\"elementor-element elementor-element-f41d887 elementor-invisible elementor-widget elementor-widget-heading\" data-id=\"f41d887\" data-element_type=\"widget\" data-settings=\"{&quot;_animation&quot;:&quot;fadeInLeft&quot;}\" data-widget_type=\"heading.default\">\n\t\t\t\t<div class=\"elementor-widget-container\">\n\t\t\t<h2 class=\"elementor-heading-title elementor-size-default\">Transfert domicile - gare maritime de Marseille<\/h2>\t\t<\/div>\n\t\t\t\t<\/div>\n\t\t\t\t\t\t<\/div>\n\t\t\t<\/div>\n\t\t<\/div>\n\t\t\t\t\t\t<\/div>\n\t\t\t<\/div>\n\t\t<\/section>\n\t\t\t\t<section class=\"elementor-element elementor-element-b589e72 elementor-section-stretched elementor-section-full_width elementor-section-height-default elementor-section-height-default elementor-section elementor-top-section\" data-id=\"b589e72\" data-element_type=\"section\" data-settings=\"{&quot;stretch_section&quot;:&quot;section-stretched&quot;}\">\n\t\t\t\t\t\t<div class=\"elementor-container elementor-column-gap-default\">\n\t\t\t\t<div class=\"elementor-row\">\n\t\t\t\t<div class=\"elementor-element elementor-element-a199883 elementor-column elementor-col-50 elementor-top-column\" data-id=\"a199883\" data-element_type=\"column\">\n\t\t\t<div class=\"elementor-column-wrap  elementor-element-populated\">\n\t\t\t\t\t<div class=\"elementor-widget-wrap\">\n\t\t\t\t<div class=\"elementor-element elementor-element-52b6dcc elementor-widget elementor-widget-image\" data-id=\"52b6dcc\" data-element_type=\"widget\" data-widget_type=\"image.default\">\n\t\t\t\t<div class=\"elementor-widget-container\">\n\t\t\t\t\t<div class=\"elementor-image\">\n\t\t\t\t\t\t\t\t\t\t<img loading=\"lazy\" decoding=\"async\" width=\"750\" height=\"500\" src=\"https:\/\/www.taxiberguaprovence.com\/wp-content\/uploads\/2022\/05\/taxi-croisiere-marseille-1024x683.jpg\" class=\"attachment-large size-large\" alt=\"taxi croisiere marseille\" srcset=\"https:\/\/www.taxiberguaprovence.com\/wp-content\/uploads\/2022\/05\/taxi-croisiere-marseille-1024x683.jpg 1024w, https:\/\/www.taxiberguaprovence.com\/wp-content\/uploads\/2022\/05\/taxi-croisiere-marseille-300x200.jpg 300w, https:\/\/www.taxiberguaprovence.com\/wp-content\/uploads\/2022\/05\/taxi-croisiere-marseille-768x512.jpg 768w, https:\/\/www.taxiberguaprovence.com\/wp-content\/uploads\/2022\/05\/taxi-croisiere-marseille-1536x1024.jpg 1536w, https:\/\/www.taxiberguaprovence.com\/wp-content\/uploads\/2022\/05\/taxi-croisiere-marseille-360x240.jpg 360w, https:\/\/www.taxiberguaprovence.com\/wp-content\/uploads\/2022\/05\/taxi-croisiere-marseille.jpg 2048w\" sizes=\"auto, (max-width: 750px) 100vw, 750px\" \/>\t\t\t\t\t\t\t\t\t\t\t<\/div>\n\t\t\t\t<\/div>\n\t\t\t\t<\/div>\n\t\t\t\t\t\t<\/div>\n\t\t\t<\/div>\n\t\t<\/div>\n\t\t\t\t<div class=\"elementor-element elementor-element-d3ee4de elementor-column elementor-col-50 elementor-top-column\" data-id=\"d3ee4de\" data-element_type=\"column\">\n\t\t\t<div class=\"elementor-column-wrap  elementor-element-populated\">\n\t\t\t\t\t<div class=\"elementor-widget-wrap\">\n\t\t\t\t<div class=\"elementor-element elementor-element-e56e692 elementor-widget elementor-widget-text-editor\" data-id=\"e56e692\" data-element_type=\"widget\" data-widget_type=\"text-editor.default\">\n\t\t\t\t<div class=\"elementor-widget-container\">\n\t\t\t\t\t<div class=\"elementor-text-editor elementor-clearfix\"><p>Vous partez en bateau depuis la gare maritime de Marseille pour un s\u00e9jour en Corse, au Maghreb ou pour une croisi\u00e8re ? Partez sans stress avec Taxi Bergua en r\u00e9servant votre <strong>taxi vers la gare maritime de Marseille<\/strong>.<\/p><p>Nos chauffeurs viennent vous chercher \u00e0 l&rsquo;heure convenue \u00e0 votre domicile situ\u00e9 \u00e0 <strong>Salon de Provence, Grans ou Lan\u00e7on-Provence jusqu&rsquo;\u00e0 votre quai d&#8217;embarquement<\/strong>.<\/p><p>Nous pouvons aussi vous conduire lors de vos escales, par exemple depuis ou vers l&rsquo;a\u00e9roport de Marseille Provence ou les Gares de Marseille Saint-Charles, d&rsquo;Aix en Provence TGV ou d&rsquo;Avignon TGV.<\/p><p>Nos berlines luxueuses peuvent accueillir quatre personnes et leurs bagages. Nous disposons aussi d&rsquo;un van Mercedes Classe V pour le transport de 5, 6 ou 7 passagers.<\/p><\/div>\n\t\t\t\t<\/div>\n\t\t\t\t<\/div>\n\t\t\t\t<div class=\"elementor-element elementor-element-d862c67 elementor-align-center elementor-widget elementor-widget-button\" data-id=\"d862c67\" data-element_type=\"widget\" data-widget_type=\"button.default\">\n\t\t\t\t<div class=\"elementor-widget-container\">\n\t\t\t\t\t<div class=\"elementor-button-wrapper\">\n\t\t\t<a href=\"https:\/\/www.taxiberguaprovence.com\/index.php\/contact\/\" class=\"elementor-button-link elementor-button elementor-size-md elementor-animation-float\" role=\"button\">\n\t\t\t\t\t\t<span class=\"elementor-button-content-wrapper\">\n\t\t\t\t\t\t<span class=\"elementor-button-icon elementor-align-icon-left\">\n\t\t\t\t<i aria-hidden=\"true\" class=\"far fa-address-card\"><\/i>\t\t\t<\/span>\n\t\t\t\t\t\t<span class=\"elementor-button-text\">R\u00e9server un taxi<\/span>\n\t\t<\/span>\n\t\t\t\t\t<\/a>\n\t\t<\/div>\n\t\t\t\t<\/div>\n\t\t\t\t<\/div>\n\t\t\t\t\t\t<\/div>\n\t\t\t<\/div>\n\t\t<\/div>\n\t\t\t\t\t\t<\/div>\n\t\t\t<\/div>\n\t\t<\/section>\n\t\t\t\t<section class=\"elementor-element elementor-element-2e3e5bb elementor-section-stretched elementor-section-full_width elementor-section-height-default elementor-section-height-default elementor-section elementor-top-section\" data-id=\"2e3e5bb\" data-element_type=\"section\" data-settings=\"{&quot;stretch_section&quot;:&quot;section-stretched&quot;}\">\n\t\t\t\t\t\t<div class=\"elementor-container elementor-column-gap-default\">\n\t\t\t\t<div class=\"elementor-row\">\n\t\t\t\t<div class=\"elementor-element elementor-element-9a8bd24 elementor-column elementor-col-50 elementor-top-column\" data-id=\"9a8bd24\" data-element_type=\"column\">\n\t\t\t<div class=\"elementor-column-wrap  elementor-element-populated\">\n\t\t\t\t\t<div class=\"elementor-widget-wrap\">\n\t\t\t\t<div class=\"elementor-element elementor-element-9b9b87f elementor-widget elementor-widget-text-editor\" data-id=\"9b9b87f\" data-element_type=\"widget\" data-widget_type=\"text-editor.default\">\n\t\t\t\t<div class=\"elementor-widget-container\">\n\t\t\t\t\t<div class=\"elementor-text-editor elementor-clearfix\"><h2>Voyagez sereinement avec nos chauffeurs ponctuels et courtois<\/h2><p>Taxi Bergua est une compagnie de taxi \u00e0 taille humaine dont le si\u00e8ge social est situ\u00e9 \u00e0 Lan\u00e7on-Provence. Aujourd&rsquo;hui, nos 5 chauffeurs et leurs berlines r\u00e9centes et toujours bien entretenues vous conduisent pour vos s\u00e9jours priv\u00e9s, m\u00e9dicaux ou professionnels.<\/p><p>Nous pr\u00eatons attention \u00e0 toujours \u00eatre ponctuels, serviables et toujours courtois. Nous aimons notre travail et souhaitons faire de votre trajet un moment agr\u00e9able et serein.<\/p><p>Pour cela, nous venons vous chercher \u00e0 votre domicile, ou sur le quai de la gare pour vous porter vos bagages.<\/p><p>Habitu\u00e9s \u00e0 transporter nos clients au port de Marseille, nous vous conduisons jusqu&rsquo;au terminal de votre compagnie de croisi\u00e8re.<\/p><p>Au retour, nous vous attendons \u00e9galement sur le quai pour vous conduire chez vous ou sur le lieu de votre choix. Si votre bateau a du retard, nous en sommes inform\u00e9s et vous attendons patiemment.<\/p><p>Pour votre d\u00e9part en croisi\u00e8re avec MSC Croisi\u00e8res, <strong><a href=\"https:\/\/www.costacroisieres.fr\/\" target=\"_blank\" rel=\"noopener\">Costa Croisi\u00e8res<\/a><\/strong> ou Croisi\u00e8res de France depuis Marseille, \u00e9vitez tout stress. Inutile de solliciter famille ou amis pour vous conduire, ou de payer le parking jusqu&rsquo;\u00e0 votre retour. Vous pouvez toujours compter sur notre \u00e9quipe, nous vous accompagnons.<\/p><\/div>\n\t\t\t\t<\/div>\n\t\t\t\t<\/div>\n\t\t\t\t<div class=\"elementor-element elementor-element-eec7cb4 elementor-align-center elementor-widget elementor-widget-button\" data-id=\"eec7cb4\" data-element_type=\"widget\" data-widget_type=\"button.default\">\n\t\t\t\t<div class=\"elementor-widget-container\">\n\t\t\t\t\t<div class=\"elementor-button-wrapper\">\n\t\t\t<a href=\"https:\/\/www.taxiberguaprovence.com\/index.php\/contact\/\" class=\"elementor-button-link elementor-button elementor-size-md elementor-animation-float\" role=\"button\">\n\t\t\t\t\t\t<span class=\"elementor-button-content-wrapper\">\n\t\t\t\t\t\t<span class=\"elementor-button-icon elementor-align-icon-left\">\n\t\t\t\t<i aria-hidden=\"true\" class=\"far fa-address-card\"><\/i>\t\t\t<\/span>\n\t\t\t\t\t\t<span class=\"elementor-button-text\">Demande de tarif<\/span>\n\t\t<\/span>\n\t\t\t\t\t<\/a>\n\t\t<\/div>\n\t\t\t\t<\/div>\n\t\t\t\t<\/div>\n\t\t\t\t\t\t<\/div>\n\t\t\t<\/div>\n\t\t<\/div>\n\t\t\t\t<div class=\"elementor-element elementor-element-8fd633d elementor-column elementor-col-50 elementor-top-column\" data-id=\"8fd633d\" data-element_type=\"column\">\n\t\t\t<div class=\"elementor-column-wrap  elementor-element-populated\">\n\t\t\t\t\t<div class=\"elementor-widget-wrap\">\n\t\t\t\t<div class=\"elementor-element elementor-element-4a3781a elementor-invisible elementor-widget elementor-widget-image\" data-id=\"4a3781a\" data-element_type=\"widget\" data-settings=\"{&quot;_animation&quot;:&quot;fadeInLeft&quot;}\" data-widget_type=\"image.default\">\n\t\t\t\t<div class=\"elementor-widget-container\">\n\t\t\t\t\t<div class=\"elementor-image\">\n\t\t\t\t\t\t\t\t\t\t<img loading=\"lazy\" decoding=\"async\" width=\"750\" height=\"563\" src=\"https:\/\/www.taxiberguaprovence.com\/wp-content\/uploads\/2024\/12\/Photo-Van-vignes-768x576.jpg\" class=\"attachment-medium_large size-medium_large\" alt=\"\" srcset=\"https:\/\/www.taxiberguaprovence.com\/wp-content\/uploads\/2024\/12\/Photo-Van-vignes-768x576.jpg 768w, https:\/\/www.taxiberguaprovence.com\/wp-content\/uploads\/2024\/12\/Photo-Van-vignes-300x225.jpg 300w, https:\/\/www.taxiberguaprovence.com\/wp-content\/uploads\/2024\/12\/Photo-Van-vignes-1024x768.jpg 1024w, https:\/\/www.taxiberguaprovence.com\/wp-content\/uploads\/2024\/12\/Photo-Van-vignes-1536x1152.jpg 1536w, https:\/\/www.taxiberguaprovence.com\/wp-content\/uploads\/2024\/12\/Photo-Van-vignes-2048x1536.jpg 2048w\" sizes=\"auto, (max-width: 750px) 100vw, 750px\" \/>\t\t\t\t\t\t\t\t\t\t\t<\/div>\n\t\t\t\t<\/div>\n\t\t\t\t<\/div>\n\t\t\t\t\t\t<\/div>\n\t\t\t<\/div>\n\t\t<\/div>\n\t\t\t\t\t\t<\/div>\n\t\t\t<\/div>\n\t\t<\/section>\n\t\t\t\t\t\t<\/div>\n\t\t\t<\/div>\n\t\t<\/div>\n\t\t","protected":false},"excerpt":{"rendered":"<p>Taxi d\u00e9part en croisi\u00e8re \u00e0 Marseille Taxi Bergua, votre compagnie de taxi \u00e0 Salon de Provence, Grans et Lan\u00e7on-Provence vous conduit jusqu&rsquo;au port maritime en taxi pour votre croisi\u00e8re au d\u00e9part de Marseille. Nous sommes \u00e0 votre disposition pour vous conduire \u00e0 votre embarquement lors d&rsquo;un voyage en bateau. Quelle [&hellip;]<\/p>\n","protected":false},"author":3,"featured_media":0,"parent":0,"menu_order":0,"comment_status":"closed","ping_status":"closed","template":"","meta":{"footnotes":""},"class_list":["post-1107","page","type-page","status-publish","hentry"],"yoast_head":"<!-- This site is optimized with the Yoast SEO Premium plugin v18.2.1 (Yoast SEO v18.4.1) - https:\/\/yoast.com\/wordpress\/plugins\/seo\/ -->\n<title>Taxi pour croisi\u00e8re Marseille, transfert gare maritime<\/title>\n<meta name=\"description\" content=\"A la recherche d&#039;un taxi pour une croisi\u00e8re depuis Marseille ? Taxi Bergua s&#039;occupe de votre transfert vers \/ depuis la gare maritime.\" \/>\n<meta name=\"robots\" content=\"index, follow, max-snippet:-1, max-image-preview:large, max-video-preview:-1\" \/>\n<link rel=\"canonical\" href=\"https:\/\/www.taxiberguaprovence.com\/index.php\/taxi-pour-croisiere-marseille\/\" \/>\n<meta property=\"og:locale\" content=\"fr_FR\" \/>\n<meta property=\"og:type\" content=\"article\" \/>\n<meta property=\"og:title\" content=\"Taxi pour croisi\u00e8re Marseille\" \/>\n<meta property=\"og:description\" content=\"A la recherche d&#039;un taxi pour une croisi\u00e8re depuis Marseille ? Taxi Bergua s&#039;occupe de votre transfert vers \/ depuis la gare maritime.\" \/>\n<meta property=\"og:url\" content=\"https:\/\/www.taxiberguaprovence.com\/index.php\/taxi-pour-croisiere-marseille\/\" \/>\n<meta property=\"og:site_name\" content=\"Taxi \u00e9lectrique \u00e0 Lan\u00e7on Provence conventionn\u00e9 tourisme 13\" \/>\n<meta property=\"article:publisher\" content=\"https:\/\/www.facebook.com\/taxiberguajerome\/\" \/>\n<meta property=\"article:modified_time\" content=\"2024-12-10T16:04:13+00:00\" \/>\n<meta property=\"og:image\" content=\"https:\/\/www.taxiberguaprovence.com\/wp-content\/uploads\/2022\/05\/taxi-croisiere-marseille-1024x683.jpg\" \/>\n<meta name=\"twitter:card\" content=\"summary_large_image\" \/>\n<meta name=\"twitter:label1\" content=\"Dur\u00e9e de lecture estim\u00e9e\" \/>\n\t<meta name=\"twitter:data1\" content=\"2 minutes\" \/>\n<script type=\"application\/ld+json\" class=\"yoast-schema-graph\">{\"@context\":\"https:\/\/schema.org\",\"@graph\":[{\"@type\":\"Organization\",\"@id\":\"https:\/\/www.taxiberguaprovence.com\/#organization\",\"name\":\"Taxi Bergua\",\"url\":\"https:\/\/www.taxiberguaprovence.com\/\",\"sameAs\":[\"https:\/\/www.facebook.com\/taxiberguajerome\/\",\"https:\/\/www.instagram.com\/taxi_bergua_provence\"],\"logo\":{\"@type\":\"ImageObject\",\"@id\":\"https:\/\/www.taxiberguaprovence.com\/#logo\",\"inLanguage\":\"fr-FR\",\"url\":\"https:\/\/www.taxiberguaprovence.com\/wp-content\/uploads\/2022\/03\/logo-white.svg\",\"contentUrl\":\"https:\/\/www.taxiberguaprovence.com\/wp-content\/uploads\/2022\/03\/logo-white.svg\",\"width\":451,\"height\":277,\"caption\":\"Taxi Bergua\"},\"image\":{\"@id\":\"https:\/\/www.taxiberguaprovence.com\/#logo\"}},{\"@type\":\"WebSite\",\"@id\":\"https:\/\/www.taxiberguaprovence.com\/#website\",\"url\":\"https:\/\/www.taxiberguaprovence.com\/\",\"name\":\"Taxi \u00e9lectrique \u00e0 Lan\u00e7on Provence conventionn\u00e9 tourisme 13\",\"description\":\"Service de transport rapide par Tesla 100% \u00e9lectrique\",\"publisher\":{\"@id\":\"https:\/\/www.taxiberguaprovence.com\/#organization\"},\"potentialAction\":[{\"@type\":\"SearchAction\",\"target\":{\"@type\":\"EntryPoint\",\"urlTemplate\":\"https:\/\/www.taxiberguaprovence.com\/?s={search_term_string}\"},\"query-input\":\"required name=search_term_string\"}],\"inLanguage\":\"fr-FR\"},{\"@type\":\"ImageObject\",\"@id\":\"https:\/\/www.taxiberguaprovence.com\/index.php\/taxi-pour-croisiere-marseille\/#primaryimage\",\"inLanguage\":\"fr-FR\",\"url\":\"https:\/\/www.taxiberguaprovence.com\/wp-content\/uploads\/2022\/05\/taxi-croisiere-marseille.jpg\",\"contentUrl\":\"https:\/\/www.taxiberguaprovence.com\/wp-content\/uploads\/2022\/05\/taxi-croisiere-marseille.jpg\",\"width\":2048,\"height\":1365,\"caption\":\"taxi croisiere marseille\"},{\"@type\":\"WebPage\",\"@id\":\"https:\/\/www.taxiberguaprovence.com\/index.php\/taxi-pour-croisiere-marseille\/#webpage\",\"url\":\"https:\/\/www.taxiberguaprovence.com\/index.php\/taxi-pour-croisiere-marseille\/\",\"name\":\"Taxi pour croisi\u00e8re Marseille, transfert gare maritime\",\"isPartOf\":{\"@id\":\"https:\/\/www.taxiberguaprovence.com\/#website\"},\"primaryImageOfPage\":{\"@id\":\"https:\/\/www.taxiberguaprovence.com\/index.php\/taxi-pour-croisiere-marseille\/#primaryimage\"},\"datePublished\":\"2022-05-24T08:29:04+00:00\",\"dateModified\":\"2024-12-10T16:04:13+00:00\",\"description\":\"A la recherche d'un taxi pour une croisi\u00e8re depuis Marseille ? Taxi Bergua s'occupe de votre transfert vers \/ depuis la gare maritime.\",\"breadcrumb\":{\"@id\":\"https:\/\/www.taxiberguaprovence.com\/index.php\/taxi-pour-croisiere-marseille\/#breadcrumb\"},\"inLanguage\":\"fr-FR\",\"potentialAction\":[{\"@type\":\"ReadAction\",\"target\":[\"https:\/\/www.taxiberguaprovence.com\/index.php\/taxi-pour-croisiere-marseille\/\"]}]},{\"@type\":\"BreadcrumbList\",\"@id\":\"https:\/\/www.taxiberguaprovence.com\/index.php\/taxi-pour-croisiere-marseille\/#breadcrumb\",\"itemListElement\":[{\"@type\":\"ListItem\",\"position\":1,\"name\":\"Accueil\",\"item\":\"https:\/\/www.taxiberguaprovence.com\/\"},{\"@type\":\"ListItem\",\"position\":2,\"name\":\"Taxi pour croisi\u00e8re Marseille\"}]}]}<\/script>\n<!-- \/ Yoast SEO Premium plugin. -->","yoast_head_json":{"title":"Taxi pour croisi\u00e8re Marseille, transfert gare maritime","description":"A la recherche d'un taxi pour une croisi\u00e8re depuis Marseille ? Taxi Bergua s'occupe de votre transfert vers \/ depuis la gare maritime.","robots":{"index":"index","follow":"follow","max-snippet":"max-snippet:-1","max-image-preview":"max-image-preview:large","max-video-preview":"max-video-preview:-1"},"canonical":"https:\/\/www.taxiberguaprovence.com\/index.php\/taxi-pour-croisiere-marseille\/","og_locale":"fr_FR","og_type":"article","og_title":"Taxi pour croisi\u00e8re Marseille","og_description":"A la recherche d'un taxi pour une croisi\u00e8re depuis Marseille ? Taxi Bergua s'occupe de votre transfert vers \/ depuis la gare maritime.","og_url":"https:\/\/www.taxiberguaprovence.com\/index.php\/taxi-pour-croisiere-marseille\/","og_site_name":"Taxi \u00e9lectrique \u00e0 Lan\u00e7on Provence conventionn\u00e9 tourisme 13","article_publisher":"https:\/\/www.facebook.com\/taxiberguajerome\/","article_modified_time":"2024-12-10T16:04:13+00:00","og_image":[{"url":"https:\/\/www.taxiberguaprovence.com\/wp-content\/uploads\/2022\/05\/taxi-croisiere-marseille-1024x683.jpg"}],"twitter_card":"summary_large_image","twitter_misc":{"Dur\u00e9e de lecture estim\u00e9e":"2 minutes"},"schema":{"@context":"https:\/\/schema.org","@graph":[{"@type":"Organization","@id":"https:\/\/www.taxiberguaprovence.com\/#organization","name":"Taxi Bergua","url":"https:\/\/www.taxiberguaprovence.com\/","sameAs":["https:\/\/www.facebook.com\/taxiberguajerome\/","https:\/\/www.instagram.com\/taxi_bergua_provence"],"logo":{"@type":"ImageObject","@id":"https:\/\/www.taxiberguaprovence.com\/#logo","inLanguage":"fr-FR","url":"https:\/\/www.taxiberguaprovence.com\/wp-content\/uploads\/2022\/03\/logo-white.svg","contentUrl":"https:\/\/www.taxiberguaprovence.com\/wp-content\/uploads\/2022\/03\/logo-white.svg","width":451,"height":277,"caption":"Taxi Bergua"},"image":{"@id":"https:\/\/www.taxiberguaprovence.com\/#logo"}},{"@type":"WebSite","@id":"https:\/\/www.taxiberguaprovence.com\/#website","url":"https:\/\/www.taxiberguaprovence.com\/","name":"Taxi \u00e9lectrique \u00e0 Lan\u00e7on Provence conventionn\u00e9 tourisme 13","description":"Service de transport rapide par Tesla 100% \u00e9lectrique","publisher":{"@id":"https:\/\/www.taxiberguaprovence.com\/#organization"},"potentialAction":[{"@type":"SearchAction","target":{"@type":"EntryPoint","urlTemplate":"https:\/\/www.taxiberguaprovence.com\/?s={search_term_string}"},"query-input":"required name=search_term_string"}],"inLanguage":"fr-FR"},{"@type":"ImageObject","@id":"https:\/\/www.taxiberguaprovence.com\/index.php\/taxi-pour-croisiere-marseille\/#primaryimage","inLanguage":"fr-FR","url":"https:\/\/www.taxiberguaprovence.com\/wp-content\/uploads\/2022\/05\/taxi-croisiere-marseille.jpg","contentUrl":"https:\/\/www.taxiberguaprovence.com\/wp-content\/uploads\/2022\/05\/taxi-croisiere-marseille.jpg","width":2048,"height":1365,"caption":"taxi croisiere marseille"},{"@type":"WebPage","@id":"https:\/\/www.taxiberguaprovence.com\/index.php\/taxi-pour-croisiere-marseille\/#webpage","url":"https:\/\/www.taxiberguaprovence.com\/index.php\/taxi-pour-croisiere-marseille\/","name":"Taxi pour croisi\u00e8re Marseille, transfert gare maritime","isPartOf":{"@id":"https:\/\/www.taxiberguaprovence.com\/#website"},"primaryImageOfPage":{"@id":"https:\/\/www.taxiberguaprovence.com\/index.php\/taxi-pour-croisiere-marseille\/#primaryimage"},"datePublished":"2022-05-24T08:29:04+00:00","dateModified":"2024-12-10T16:04:13+00:00","description":"A la recherche d'un taxi pour une croisi\u00e8re depuis Marseille ? Taxi Bergua s'occupe de votre transfert vers \/ depuis la gare maritime.","breadcrumb":{"@id":"https:\/\/www.taxiberguaprovence.com\/index.php\/taxi-pour-croisiere-marseille\/#breadcrumb"},"inLanguage":"fr-FR","potentialAction":[{"@type":"ReadAction","target":["https:\/\/www.taxiberguaprovence.com\/index.php\/taxi-pour-croisiere-marseille\/"]}]},{"@type":"BreadcrumbList","@id":"https:\/\/www.taxiberguaprovence.com\/index.php\/taxi-pour-croisiere-marseille\/#breadcrumb","itemListElement":[{"@type":"ListItem","position":1,"name":"Accueil","item":"https:\/\/www.taxiberguaprovence.com\/"},{"@type":"ListItem","position":2,"name":"Taxi pour croisi\u00e8re Marseille"}]}]}},"_links":{"self":[{"href":"https:\/\/www.taxiberguaprovence.com\/index.php\/wp-json\/wp\/v2\/pages\/1107","targetHints":{"allow":["GET"]}}],"collection":[{"href":"https:\/\/www.taxiberguaprovence.com\/index.php\/wp-json\/wp\/v2\/pages"}],"about":[{"href":"https:\/\/www.taxiberguaprovence.com\/index.php\/wp-json\/wp\/v2\/types\/page"}],"author":[{"embeddable":true,"href":"https:\/\/www.taxiberguaprovence.com\/index.php\/wp-json\/wp\/v2\/users\/3"}],"replies":[{"embeddable":true,"href":"https:\/\/www.taxiberguaprovence.com\/index.php\/wp-json\/wp\/v2\/comments?post=1107"}],"version-history":[{"count":35,"href":"https:\/\/www.taxiberguaprovence.com\/index.php\/wp-json\/wp\/v2\/pages\/1107\/revisions"}],"predecessor-version":[{"id":1300,"href":"https:\/\/www.taxiberguaprovence.com\/index.php\/wp-json\/wp\/v2\/pages\/1107\/revisions\/1300"}],"wp:attachment":[{"href":"https:\/\/www.taxiberguaprovence.com\/index.php\/wp-json\/wp\/v2\/media?parent=1107"}],"curies":[{"name":"wp","href":"https:\/\/api.w.org\/{rel}","templated":true}]}}