{"id":297,"date":"2020-06-29T09:53:55","date_gmt":"2020-06-29T07:53:55","guid":{"rendered":"https:\/\/www.taxiberguaprovence.com\/?page_id=297"},"modified":"2024-12-10T13:28:58","modified_gmt":"2024-12-10T12:28:58","slug":"mentions-legales","status":"publish","type":"page","link":"https:\/\/www.taxiberguaprovence.com\/index.php\/mentions-legales\/","title":{"rendered":"Mentions l\u00e9gales"},"content":{"rendered":"\t\t<div data-elementor-type=\"wp-page\" data-elementor-id=\"297\" class=\"elementor elementor-297\" data-elementor-settings=\"[]\">\n\t\t\t<div class=\"elementor-inner\">\n\t\t\t\t<div class=\"elementor-section-wrap\">\n\t\t\t\t\t\t\t<section class=\"elementor-element elementor-element-2f00b0b0 elementor-section-boxed elementor-section-height-default elementor-section-height-default elementor-section elementor-top-section\" data-id=\"2f00b0b0\" data-element_type=\"section\">\n\t\t\t\t\t\t<div class=\"elementor-container elementor-column-gap-default\">\n\t\t\t\t<div class=\"elementor-row\">\n\t\t\t\t<div class=\"elementor-element elementor-element-4f7af5b2 elementor-column elementor-col-100 elementor-top-column\" data-id=\"4f7af5b2\" data-element_type=\"column\">\n\t\t\t<div class=\"elementor-column-wrap  elementor-element-populated\">\n\t\t\t\t\t<div class=\"elementor-widget-wrap\">\n\t\t\t\t<div class=\"elementor-element elementor-element-142e2d23 elementor-widget elementor-widget-text-editor\" data-id=\"142e2d23\" data-element_type=\"widget\" data-widget_type=\"text-editor.default\">\n\t\t\t\t<div class=\"elementor-widget-container\">\n\t\t\t\t\t<div class=\"elementor-text-editor elementor-clearfix\"><!-- wp:themeisle-blocks\/advanced-columns {\"id\":\"wp-block-themeisle-blocks-advanced-columns-9f6b8786\"} -->\n<div class=\"wp-block-themeisle-blocks-advanced-columns has-undefined-columns has-desktop-undefined-layout has-tablet-equal-layout has-mobile-equal-layout has-default-gap has-vertical-unset\" id=\"wp-block-themeisle-blocks-advanced-columns-9f6b8786\"><div class=\"wp-block-themeisle-blocks-advanced-columns-overlay\"><\/div><div class=\"innerblocks-wrap\"><\/div><\/div>\n<!-- \/wp:themeisle-blocks\/advanced-columns --><\/div>\n\t\t\t\t<\/div>\n\t\t\t\t<\/div>\n\t\t\t\t<div class=\"elementor-element elementor-element-d4bdc71 elementor-widget elementor-widget-heading\" data-id=\"d4bdc71\" data-element_type=\"widget\" data-widget_type=\"heading.default\">\n\t\t\t\t<div class=\"elementor-widget-container\">\n\t\t\t<h2 class=\"elementor-heading-title elementor-size-default\">Mentions l\u00e9gales<\/h2>\t\t<\/div>\n\t\t\t\t<\/div>\n\t\t\t\t\t\t<\/div>\n\t\t\t<\/div>\n\t\t<\/div>\n\t\t\t\t\t\t<\/div>\n\t\t\t<\/div>\n\t\t<\/section>\n\t\t\t\t<section class=\"elementor-element elementor-element-079b877 elementor-section-boxed elementor-section-height-default elementor-section-height-default elementor-section elementor-top-section\" data-id=\"079b877\" data-element_type=\"section\">\n\t\t\t\t\t\t<div class=\"elementor-container elementor-column-gap-default\">\n\t\t\t\t<div class=\"elementor-row\">\n\t\t\t\t<div class=\"elementor-element elementor-element-01d2d8e elementor-column elementor-col-100 elementor-top-column\" data-id=\"01d2d8e\" data-element_type=\"column\">\n\t\t\t<div class=\"elementor-column-wrap  elementor-element-populated\">\n\t\t\t\t\t<div class=\"elementor-widget-wrap\">\n\t\t\t\t<div class=\"elementor-element elementor-element-3ce4526 elementor-widget elementor-widget-text-editor\" data-id=\"3ce4526\" data-element_type=\"widget\" data-widget_type=\"text-editor.default\">\n\t\t\t\t<div class=\"elementor-widget-container\">\n\t\t\t\t\t<div class=\"elementor-text-editor elementor-clearfix\"><p>Le site<a href=\"https:\/\/www.taxiberguaprovence.com\/\"> taxiberguaprovence.com<\/a> est \u00e9dit\u00e9 par la soci\u00e9t\u00e9 <strong>TAXI BERGUA,\u00a0 <\/strong>Soci\u00e9t\u00e9 par actions simplifi\u00e9e \u00e0 associ\u00e9 unique, dont le si\u00e8ge social est \u00e9tabli :<\/p>\n<p>197 Rue des Coquelicots 13680 LANCON-PROVENCE &#8211; FRANCE<\/p>\n<p>Inscriptions au Registre du Commerce et des Soci\u00e9t\u00e9s<br \/>SALON DE PROVENCE<\/p>\n<p>Repr\u00e9sent\u00e9e par<br \/>M J\u00e9rome BERGUA <br \/>T\u00e9l\u00e9phone<br \/>06.09.52.76.61<br \/>Adresse e-mail : <strong><a href=\"http:\/\/taxiberguaprovence.com\/index.php\/contact\/\">taxi.bergua@gmail.com<\/a><\/strong><\/p>\n<p>Les textes, images, graphiques, sons, animations et vid\u00e9os ainsi que leur disposition sur le site web Taxiberguaprovence sont soumis \u00e0 la protection du droit d\u2019auteur et \u00e0 d\u2019autres lois de protection. Il est interdit de copier, diffuser ou modifier le contenu de notre site web \u00e0 des fins commerciales ou d\u2019en permettre l\u2019acc\u00e8s \u00e0 des tiers.<\/p>\n<p>Le site <a href=\"https:\/\/www.taxiberguaprovence.com\"><strong>www.taxiberguaprovence.com<\/strong><\/a> est h\u00e9berg\u00e9 par :<br \/>OVH<br \/>2 rue Kellermann &#8211; 59100 Roubaix &#8211; France.<\/p>\n<p>SAS au capital de 10 000 000 \u20ac<br \/>RCS Lille M\u00e9tropole 424 761 419 00045<br \/>Code APE 6202A<br \/>N\u00b0 TVA : FR 22 424 761 419<\/p>\n<p>Le site<a href=\"https:\/\/www.taxiberguaprovence.com\"><strong> www.taxiberguaprovence.com<\/strong><\/a> a \u00e9t\u00e9 r\u00e9alis\u00e9 par : SAS Taxi Bergua<\/p><\/div>\n\t\t\t\t<\/div>\n\t\t\t\t<\/div>\n\t\t\t\t\t\t<\/div>\n\t\t\t<\/div>\n\t\t<\/div>\n\t\t\t\t\t\t<\/div>\n\t\t\t<\/div>\n\t\t<\/section>\n\t\t\t\t\t\t<\/div>\n\t\t\t<\/div>\n\t\t<\/div>\n\t\t","protected":false},"excerpt":{"rendered":"<p>Mentions l\u00e9gales Le site taxiberguaprovence.com est \u00e9dit\u00e9 par la soci\u00e9t\u00e9 TAXI BERGUA,\u00a0 Soci\u00e9t\u00e9 par actions simplifi\u00e9e \u00e0 associ\u00e9 unique, dont le si\u00e8ge social est \u00e9tabli : 197 Rue des Coquelicots 13680 LANCON-PROVENCE &#8211; FRANCE Inscriptions au Registre du Commerce et des Soci\u00e9t\u00e9sSALON DE PROVENCE Repr\u00e9sent\u00e9e parM J\u00e9rome BERGUA T\u00e9l\u00e9phone06.09.52.76.61Adresse e-mail [&hellip;]<\/p>\n","protected":false},"author":3,"featured_media":0,"parent":0,"menu_order":0,"comment_status":"closed","ping_status":"closed","template":"","meta":{"footnotes":""},"class_list":["post-297","page","type-page","status-publish","hentry"],"yoast_head":"<!-- This site is optimized with the Yoast SEO Premium plugin v18.2.1 (Yoast SEO v18.4.1) - https:\/\/yoast.com\/wordpress\/plugins\/seo\/ -->\n<title>Mentions l\u00e9gales de Taxi Bergua, compagnie de taxi lan\u00e7onnais<\/title>\n<meta name=\"description\" content=\"Mentions l\u00e9gales de Taxi Bergua, compagnie de taxi lan\u00e7onnais. Notre soci\u00e9t\u00e9 de taxi cr\u00e9\u00e9e en 2012 est \u00e0 votre service. Contactez-nous\" \/>\n<meta name=\"robots\" content=\"index, follow, max-snippet:-1, max-image-preview:large, max-video-preview:-1\" \/>\n<link rel=\"canonical\" href=\"https:\/\/www.taxiberguaprovence.com\/index.php\/mentions-legales\/\" \/>\n<meta property=\"og:locale\" content=\"fr_FR\" \/>\n<meta property=\"og:type\" content=\"article\" \/>\n<meta property=\"og:title\" content=\"Mentions l\u00e9gales\" \/>\n<meta property=\"og:description\" content=\"Mentions l\u00e9gales de Taxi Bergua, compagnie de taxi lan\u00e7onnais. Notre soci\u00e9t\u00e9 de taxi cr\u00e9\u00e9e en 2012 est \u00e0 votre service. Contactez-nous\" \/>\n<meta property=\"og:url\" content=\"https:\/\/www.taxiberguaprovence.com\/index.php\/mentions-legales\/\" \/>\n<meta property=\"og:site_name\" content=\"Taxi \u00e9lectrique \u00e0 Lan\u00e7on Provence conventionn\u00e9 tourisme 13\" \/>\n<meta property=\"article:publisher\" content=\"https:\/\/www.facebook.com\/taxiberguajerome\/\" \/>\n<meta property=\"article:modified_time\" content=\"2024-12-10T12:28:58+00:00\" \/>\n<meta name=\"twitter:card\" content=\"summary_large_image\" \/>\n<meta name=\"twitter:label1\" content=\"Dur\u00e9e de lecture estim\u00e9e\" \/>\n\t<meta name=\"twitter:data1\" content=\"1 minute\" \/>\n<script type=\"application\/ld+json\" class=\"yoast-schema-graph\">{\"@context\":\"https:\/\/schema.org\",\"@graph\":[{\"@type\":\"Organization\",\"@id\":\"https:\/\/www.taxiberguaprovence.com\/#organization\",\"name\":\"Taxi Bergua\",\"url\":\"https:\/\/www.taxiberguaprovence.com\/\",\"sameAs\":[\"https:\/\/www.facebook.com\/taxiberguajerome\/\",\"https:\/\/www.instagram.com\/taxi_bergua_provence\"],\"logo\":{\"@type\":\"ImageObject\",\"@id\":\"https:\/\/www.taxiberguaprovence.com\/#logo\",\"inLanguage\":\"fr-FR\",\"url\":\"https:\/\/www.taxiberguaprovence.com\/wp-content\/uploads\/2022\/03\/logo-white.svg\",\"contentUrl\":\"https:\/\/www.taxiberguaprovence.com\/wp-content\/uploads\/2022\/03\/logo-white.svg\",\"width\":451,\"height\":277,\"caption\":\"Taxi Bergua\"},\"image\":{\"@id\":\"https:\/\/www.taxiberguaprovence.com\/#logo\"}},{\"@type\":\"WebSite\",\"@id\":\"https:\/\/www.taxiberguaprovence.com\/#website\",\"url\":\"https:\/\/www.taxiberguaprovence.com\/\",\"name\":\"Taxi \u00e9lectrique \u00e0 Lan\u00e7on Provence conventionn\u00e9 tourisme 13\",\"description\":\"Service de transport rapide par Tesla 100% \u00e9lectrique\",\"publisher\":{\"@id\":\"https:\/\/www.taxiberguaprovence.com\/#organization\"},\"potentialAction\":[{\"@type\":\"SearchAction\",\"target\":{\"@type\":\"EntryPoint\",\"urlTemplate\":\"https:\/\/www.taxiberguaprovence.com\/?s={search_term_string}\"},\"query-input\":\"required name=search_term_string\"}],\"inLanguage\":\"fr-FR\"},{\"@type\":\"WebPage\",\"@id\":\"https:\/\/www.taxiberguaprovence.com\/index.php\/mentions-legales\/#webpage\",\"url\":\"https:\/\/www.taxiberguaprovence.com\/index.php\/mentions-legales\/\",\"name\":\"Mentions l\u00e9gales de Taxi Bergua, compagnie de taxi lan\u00e7onnais\",\"isPartOf\":{\"@id\":\"https:\/\/www.taxiberguaprovence.com\/#website\"},\"datePublished\":\"2020-06-29T07:53:55+00:00\",\"dateModified\":\"2024-12-10T12:28:58+00:00\",\"description\":\"Mentions l\u00e9gales de Taxi Bergua, compagnie de taxi lan\u00e7onnais. Notre soci\u00e9t\u00e9 de taxi cr\u00e9\u00e9e en 2012 est \u00e0 votre service. Contactez-nous\",\"breadcrumb\":{\"@id\":\"https:\/\/www.taxiberguaprovence.com\/index.php\/mentions-legales\/#breadcrumb\"},\"inLanguage\":\"fr-FR\",\"potentialAction\":[{\"@type\":\"ReadAction\",\"target\":[\"https:\/\/www.taxiberguaprovence.com\/index.php\/mentions-legales\/\"]}]},{\"@type\":\"BreadcrumbList\",\"@id\":\"https:\/\/www.taxiberguaprovence.com\/index.php\/mentions-legales\/#breadcrumb\",\"itemListElement\":[{\"@type\":\"ListItem\",\"position\":1,\"name\":\"Accueil\",\"item\":\"https:\/\/www.taxiberguaprovence.com\/\"},{\"@type\":\"ListItem\",\"position\":2,\"name\":\"Mentions l\u00e9gales\"}]}]}<\/script>\n<!-- \/ Yoast SEO Premium plugin. -->","yoast_head_json":{"title":"Mentions l\u00e9gales de Taxi Bergua, compagnie de taxi lan\u00e7onnais","description":"Mentions l\u00e9gales de Taxi Bergua, compagnie de taxi lan\u00e7onnais. Notre soci\u00e9t\u00e9 de taxi cr\u00e9\u00e9e en 2012 est \u00e0 votre service. Contactez-nous","robots":{"index":"index","follow":"follow","max-snippet":"max-snippet:-1","max-image-preview":"max-image-preview:large","max-video-preview":"max-video-preview:-1"},"canonical":"https:\/\/www.taxiberguaprovence.com\/index.php\/mentions-legales\/","og_locale":"fr_FR","og_type":"article","og_title":"Mentions l\u00e9gales","og_description":"Mentions l\u00e9gales de Taxi Bergua, compagnie de taxi lan\u00e7onnais. Notre soci\u00e9t\u00e9 de taxi cr\u00e9\u00e9e en 2012 est \u00e0 votre service. Contactez-nous","og_url":"https:\/\/www.taxiberguaprovence.com\/index.php\/mentions-legales\/","og_site_name":"Taxi \u00e9lectrique \u00e0 Lan\u00e7on Provence conventionn\u00e9 tourisme 13","article_publisher":"https:\/\/www.facebook.com\/taxiberguajerome\/","article_modified_time":"2024-12-10T12:28:58+00:00","twitter_card":"summary_large_image","twitter_misc":{"Dur\u00e9e de lecture estim\u00e9e":"1 minute"},"schema":{"@context":"https:\/\/schema.org","@graph":[{"@type":"Organization","@id":"https:\/\/www.taxiberguaprovence.com\/#organization","name":"Taxi Bergua","url":"https:\/\/www.taxiberguaprovence.com\/","sameAs":["https:\/\/www.facebook.com\/taxiberguajerome\/","https:\/\/www.instagram.com\/taxi_bergua_provence"],"logo":{"@type":"ImageObject","@id":"https:\/\/www.taxiberguaprovence.com\/#logo","inLanguage":"fr-FR","url":"https:\/\/www.taxiberguaprovence.com\/wp-content\/uploads\/2022\/03\/logo-white.svg","contentUrl":"https:\/\/www.taxiberguaprovence.com\/wp-content\/uploads\/2022\/03\/logo-white.svg","width":451,"height":277,"caption":"Taxi Bergua"},"image":{"@id":"https:\/\/www.taxiberguaprovence.com\/#logo"}},{"@type":"WebSite","@id":"https:\/\/www.taxiberguaprovence.com\/#website","url":"https:\/\/www.taxiberguaprovence.com\/","name":"Taxi \u00e9lectrique \u00e0 Lan\u00e7on Provence conventionn\u00e9 tourisme 13","description":"Service de transport rapide par Tesla 100% \u00e9lectrique","publisher":{"@id":"https:\/\/www.taxiberguaprovence.com\/#organization"},"potentialAction":[{"@type":"SearchAction","target":{"@type":"EntryPoint","urlTemplate":"https:\/\/www.taxiberguaprovence.com\/?s={search_term_string}"},"query-input":"required name=search_term_string"}],"inLanguage":"fr-FR"},{"@type":"WebPage","@id":"https:\/\/www.taxiberguaprovence.com\/index.php\/mentions-legales\/#webpage","url":"https:\/\/www.taxiberguaprovence.com\/index.php\/mentions-legales\/","name":"Mentions l\u00e9gales de Taxi Bergua, compagnie de taxi lan\u00e7onnais","isPartOf":{"@id":"https:\/\/www.taxiberguaprovence.com\/#website"},"datePublished":"2020-06-29T07:53:55+00:00","dateModified":"2024-12-10T12:28:58+00:00","description":"Mentions l\u00e9gales de Taxi Bergua, compagnie de taxi lan\u00e7onnais. Notre soci\u00e9t\u00e9 de taxi cr\u00e9\u00e9e en 2012 est \u00e0 votre service. Contactez-nous","breadcrumb":{"@id":"https:\/\/www.taxiberguaprovence.com\/index.php\/mentions-legales\/#breadcrumb"},"inLanguage":"fr-FR","potentialAction":[{"@type":"ReadAction","target":["https:\/\/www.taxiberguaprovence.com\/index.php\/mentions-legales\/"]}]},{"@type":"BreadcrumbList","@id":"https:\/\/www.taxiberguaprovence.com\/index.php\/mentions-legales\/#breadcrumb","itemListElement":[{"@type":"ListItem","position":1,"name":"Accueil","item":"https:\/\/www.taxiberguaprovence.com\/"},{"@type":"ListItem","position":2,"name":"Mentions l\u00e9gales"}]}]}},"_links":{"self":[{"href":"https:\/\/www.taxiberguaprovence.com\/index.php\/wp-json\/wp\/v2\/pages\/297","targetHints":{"allow":["GET"]}}],"collection":[{"href":"https:\/\/www.taxiberguaprovence.com\/index.php\/wp-json\/wp\/v2\/pages"}],"about":[{"href":"https:\/\/www.taxiberguaprovence.com\/index.php\/wp-json\/wp\/v2\/types\/page"}],"author":[{"embeddable":true,"href":"https:\/\/www.taxiberguaprovence.com\/index.php\/wp-json\/wp\/v2\/users\/3"}],"replies":[{"embeddable":true,"href":"https:\/\/www.taxiberguaprovence.com\/index.php\/wp-json\/wp\/v2\/comments?post=297"}],"version-history":[{"count":11,"href":"https:\/\/www.taxiberguaprovence.com\/index.php\/wp-json\/wp\/v2\/pages\/297\/revisions"}],"predecessor-version":[{"id":1278,"href":"https:\/\/www.taxiberguaprovence.com\/index.php\/wp-json\/wp\/v2\/pages\/297\/revisions\/1278"}],"wp:attachment":[{"href":"https:\/\/www.taxiberguaprovence.com\/index.php\/wp-json\/wp\/v2\/media?parent=297"}],"curies":[{"name":"wp","href":"https:\/\/api.w.org\/{rel}","templated":true}]}}